{"id":279,"date":"2020-06-14T14:43:46","date_gmt":"2020-06-14T14:43:46","guid":{"rendered":"https:\/\/parasita.eu\/?page_id=279"},"modified":"2026-02-04T10:16:10","modified_gmt":"2026-02-04T10:16:10","slug":"rita-natalio","status":"publish","type":"page","link":"https:\/\/parasita.eu\/en\/rita-natalio\/","title":{"rendered":"Rit\u00f3 (Rit\u00f3 Nat\u00e1lio)"},"content":{"rendered":"<p>Artist and researcher. Non-binary lesbian.<\/p>\n<p>Their practice spaces combine essayistic writing and performance, whether in creation, teaching, research or the organisation of public programmes. Rit\u00f3 has organised a series of lecture-performances dedicated to the relationship between language and geology, presented internationally in various artistic spaces, theatres and academic contexts: &#8220;Anthroposcenes&#8221; (2017) with Jo\u00e3o dos Santos Martins, &#8220;Geophagy&#8221; (2018), and &#8220;Fossil&#8221; (2020). One of their most recent works &#8211; &#8220;Spillovers&#8221; (2023) &#8211; proposes a fabled and collective reinterpretation of &#8220;Lesbian peoples: Material for a Dictionary&#8221; (1976), an iconic work of lesbian feminism by Monique Wittig and Sande Zeig. Rit\u00f3 holds a PhD in Artistic Studies and Anthropology with an FCT scholarship, focusing on the Anthropocene and perceptions of humanity-nature. Rit\u00f3 has a degree in Choreographic Arts (Paris VIII University) and a master&#8217;s degree in Clinical Psychology (PUC-S\u00e3o Paulo). They have published academic articles, artists&#8217; texts and independent publications linked to their research. In 2019, at the Calouste Gulbenkian Museum, Lisbon, Rit\u00f3 co-organised an indigenous film exhibition with indigenous filmmakers and curators, together with a collective platform of researchers and activists from Portugal, namely Ailton Krenak. Since 2020, Rit\u00f3 has been the coordinator of Terra Batida (<a href=\"http:\/\/terrabatida.org\" target=\"_blank\" rel=\"noopener\">terrabatida.org<\/a>), a network of people, practices and knowledge in dispute with forms of ecological violence and policies of abandonment. Since 2023, they have been collaborating with the network least &#8211; an arts and ecology laboratory based in Geneva &#8211; on the project &#8220;Peau Pierre&#8221; (Stone Skin), a long-term project focusing on eco-queer pedagogies in co-creation with local associations. They have also coordinated two four-monthly laboratories with Amador Alina Folini for young people aged between 18 and 25, in the context of the Calouste Gulbenkian Foundation&#8217;s Educational Service&#8217;s &#8220;Imagine&#8221; project (2022-23). Associate artist of Associa\u00e7\u00e3o Parasita, a structure funded by the Portuguese Republic &#8211; Ministry of Culture\/Directorate-General for the Arts between 2023-2024.<\/p>\n","protected":false},"excerpt":{"rendered":"<p>Artist and researcher. Non-binary lesbian. Their practice spaces combine essayistic writing and performance, whether in creation, teaching, research or the organisation of public programmes. Rit\u00f3 has organised a series of lecture-performances dedicated to the relationship between language and geology, presented internationally in various artistic spaces, theatres and academic contexts: &#8220;Anthroposcenes&#8221; (2017) with Jo\u00e3o dos Santos [&hellip;]<\/p>\n","protected":false},"author":1,"featured_media":4429,"parent":0,"menu_order":27,"comment_status":"closed","ping_status":"closed","template":"page-artista.php","meta":{"footnotes":""},"acf":[],"_links":{"self":[{"href":"https:\/\/parasita.eu\/en\/wp-json\/wp\/v2\/pages\/279"}],"collection":[{"href":"https:\/\/parasita.eu\/en\/wp-json\/wp\/v2\/pages"}],"about":[{"href":"https:\/\/parasita.eu\/en\/wp-json\/wp\/v2\/types\/page"}],"author":[{"embeddable":true,"href":"https:\/\/parasita.eu\/en\/wp-json\/wp\/v2\/users\/1"}],"replies":[{"embeddable":true,"href":"https:\/\/parasita.eu\/en\/wp-json\/wp\/v2\/comments?post=279"}],"version-history":[{"count":23,"href":"https:\/\/parasita.eu\/en\/wp-json\/wp\/v2\/pages\/279\/revisions"}],"predecessor-version":[{"id":4435,"href":"https:\/\/parasita.eu\/en\/wp-json\/wp\/v2\/pages\/279\/revisions\/4435"}],"wp:featuredmedia":[{"embeddable":true,"href":"https:\/\/parasita.eu\/en\/wp-json\/wp\/v2\/media\/4429"}],"wp:attachment":[{"href":"https:\/\/parasita.eu\/en\/wp-json\/wp\/v2\/media?parent=279"}],"curies":[{"name":"wp","href":"https:\/\/api.w.org\/{rel}","templated":true}]}}